{"id":272992,"date":"2024-01-29T10:08:33","date_gmt":"2024-01-29T09:08:33","guid":{"rendered":"https:\/\/naturopatialacala.com\/?post_type=product&#038;p=272992"},"modified":"2024-01-29T10:09:26","modified_gmt":"2024-01-29T09:09:26","slug":"pack-holistico-emocional-avanzado","status":"publish","type":"product","link":"https:\/\/www.naturopatialacala.com\/en\/product\/pack-holistico-emocional-avanzado\/","title":{"rendered":"PACK Hol\u00edstico Emocional Avanzado"},"content":{"rendered":"<p>Psychobiological Osteopathy<br \/>MCI applied to osteopathy<br \/>Neuro osteopathy<br \/>Deep Relaxation Methods<\/p>\n<p>60 min session. Assessment + Personalized treatment\u00a0<s>120<\/s>\u00a0 100\u20ac<br \/>*Dependiendo de su necesidad se aplicar\u00e1 uno o varios m\u00e9todos.<\/p>","protected":false},"excerpt":{"rendered":"<p>Psychobiological Osteopathy<br \/>MCI applied to osteopathy<br \/>Neuro osteopathy<br \/>Deep Relaxation Methods<\/p>","protected":false},"featured_media":272993,"comment_status":"open","ping_status":"closed","template":"","meta":{"_et_pb_use_builder":"","_et_pb_old_content":"","_et_gb_content_width":""},"product_brand":[],"product_cat":[24],"product_tag":[],"class_list":{"0":"post-272992","1":"product","2":"type-product","3":"status-publish","4":"has-post-thumbnail","6":"product_cat-sin-categorizar","8":"first","9":"instock","10":"sale","11":"shipping-taxable","12":"purchasable","13":"product-type-simple"},"yoast_head":"<!-- This site is optimized with the Yoast SEO plugin v27.0 - https:\/\/yoast.com\/product\/yoast-seo-wordpress\/ -->\n<title>PACK Hol\u00edstico Emocional Avanzado - Naturopat\u00eda y Osteopat\u00eda La Cala \u2013 Nicol\u00e1s Fasoli<\/title>\n<meta name=\"robots\" content=\"index, follow, max-snippet:-1, max-image-preview:large, max-video-preview:-1\" \/>\n<link rel=\"canonical\" href=\"https:\/\/www.naturopatialacala.com\/en\/product\/pack-holistico-emocional-avanzado\/\" \/>\n<meta property=\"og:locale\" content=\"en_GB\" \/>\n<meta property=\"og:type\" content=\"article\" \/>\n<meta property=\"og:title\" content=\"PACK Hol\u00edstico Emocional Avanzado - Naturopat\u00eda y Osteopat\u00eda La Cala \u2013 Nicol\u00e1s Fasoli\" \/>\n<meta property=\"og:description\" content=\"Osteopat\u00eda Psicobiol\u00f3gicaM.C.I. aplicado a la osteopat\u00edaNeuro osteopat\u00edaM\u00e9todos de Relajaci\u00f3n Profunda\" \/>\n<meta property=\"og:url\" content=\"https:\/\/www.naturopatialacala.com\/en\/product\/pack-holistico-emocional-avanzado\/\" \/>\n<meta property=\"og:site_name\" content=\"Naturopat\u00eda y Osteopat\u00eda La Cala \u2013 Nicol\u00e1s Fasoli\" \/>\n<meta property=\"article:modified_time\" content=\"2024-01-29T09:09:26+00:00\" \/>\n<meta property=\"og:image\" content=\"https:\/\/www.naturopatialacala.com\/wp-content\/uploads\/2024\/01\/PACK-holistico-emocional-avanzad.webp\" \/>\n\t<meta property=\"og:image:width\" content=\"800\" \/>\n\t<meta property=\"og:image:height\" content=\"600\" \/>\n\t<meta property=\"og:image:type\" content=\"image\/webp\" \/>\n<meta name=\"twitter:card\" content=\"summary_large_image\" \/>\n<script type=\"application\/ld+json\" class=\"yoast-schema-graph\">{\"@context\":\"https:\/\/schema.org\",\"@graph\":[{\"@type\":\"WebPage\",\"@id\":\"https:\/\/www.naturopatialacala.com\/producto\/pack-holistico-emocional-avanzado\/\",\"url\":\"https:\/\/www.naturopatialacala.com\/producto\/pack-holistico-emocional-avanzado\/\",\"name\":\"PACK Hol\u00edstico Emocional Avanzado - Naturopat\u00eda y Osteopat\u00eda La Cala \u2013 Nicol\u00e1s Fasoli\",\"isPartOf\":{\"@id\":\"https:\/\/www.naturopatialacala.com\/en\/#website\"},\"primaryImageOfPage\":{\"@id\":\"https:\/\/www.naturopatialacala.com\/producto\/pack-holistico-emocional-avanzado\/#primaryimage\"},\"image\":{\"@id\":\"https:\/\/www.naturopatialacala.com\/producto\/pack-holistico-emocional-avanzado\/#primaryimage\"},\"thumbnailUrl\":\"https:\/\/www.naturopatialacala.com\/wp-content\/uploads\/2024\/01\/PACK-holistico-emocional-avanzad.webp\",\"datePublished\":\"2024-01-29T09:08:33+00:00\",\"dateModified\":\"2024-01-29T09:09:26+00:00\",\"breadcrumb\":{\"@id\":\"https:\/\/www.naturopatialacala.com\/producto\/pack-holistico-emocional-avanzado\/#breadcrumb\"},\"inLanguage\":\"en-GB\",\"potentialAction\":[{\"@type\":\"ReadAction\",\"target\":[\"https:\/\/www.naturopatialacala.com\/producto\/pack-holistico-emocional-avanzado\/\"]}]},{\"@type\":\"ImageObject\",\"inLanguage\":\"en-GB\",\"@id\":\"https:\/\/www.naturopatialacala.com\/producto\/pack-holistico-emocional-avanzado\/#primaryimage\",\"url\":\"https:\/\/www.naturopatialacala.com\/wp-content\/uploads\/2024\/01\/PACK-holistico-emocional-avanzad.webp\",\"contentUrl\":\"https:\/\/www.naturopatialacala.com\/wp-content\/uploads\/2024\/01\/PACK-holistico-emocional-avanzad.webp\",\"width\":800,\"height\":600},{\"@type\":\"BreadcrumbList\",\"@id\":\"https:\/\/www.naturopatialacala.com\/producto\/pack-holistico-emocional-avanzado\/#breadcrumb\",\"itemListElement\":[{\"@type\":\"ListItem\",\"position\":1,\"name\":\"Portada\",\"item\":\"https:\/\/www.naturopatialacala.com\/\"},{\"@type\":\"ListItem\",\"position\":2,\"name\":\"Tienda\",\"item\":\"https:\/\/www.naturopatialacala.com\/it\/tienda\/\"},{\"@type\":\"ListItem\",\"position\":3,\"name\":\"PACK Hol\u00edstico Emocional Avanzado\"}]},{\"@type\":\"WebSite\",\"@id\":\"https:\/\/www.naturopatialacala.com\/en\/#website\",\"url\":\"https:\/\/www.naturopatialacala.com\/en\/\",\"name\":\"Naturopat\u00eda y Osteopat\u00eda La Cala \u2013 Nicol\u00e1s Fasoli\",\"description\":\"Descubre un mundo de bienestar y salud integral en Naturopat\u00eda La Cala\",\"potentialAction\":[{\"@type\":\"SearchAction\",\"target\":{\"@type\":\"EntryPoint\",\"urlTemplate\":\"https:\/\/www.naturopatialacala.com\/en\/?s={search_term_string}\"},\"query-input\":{\"@type\":\"PropertyValueSpecification\",\"valueRequired\":true,\"valueName\":\"search_term_string\"}}],\"inLanguage\":\"en-GB\"}]}<\/script>\n<!-- \/ Yoast SEO plugin. -->","yoast_head_json":{"title":"PACK Hol\u00edstico Emocional Avanzado - Naturopat\u00eda y Osteopat\u00eda La Cala \u2013 Nicol\u00e1s Fasoli","robots":{"index":"index","follow":"follow","max-snippet":"max-snippet:-1","max-image-preview":"max-image-preview:large","max-video-preview":"max-video-preview:-1"},"canonical":"https:\/\/www.naturopatialacala.com\/en\/product\/pack-holistico-emocional-avanzado\/","og_locale":"en_GB","og_type":"article","og_title":"PACK Hol\u00edstico Emocional Avanzado - Naturopat\u00eda y Osteopat\u00eda La Cala \u2013 Nicol\u00e1s Fasoli","og_description":"Osteopat\u00eda Psicobiol\u00f3gicaM.C.I. aplicado a la osteopat\u00edaNeuro osteopat\u00edaM\u00e9todos de Relajaci\u00f3n Profunda","og_url":"https:\/\/www.naturopatialacala.com\/en\/product\/pack-holistico-emocional-avanzado\/","og_site_name":"Naturopat\u00eda y Osteopat\u00eda La Cala \u2013 Nicol\u00e1s Fasoli","article_modified_time":"2024-01-29T09:09:26+00:00","og_image":[{"width":800,"height":600,"url":"https:\/\/www.naturopatialacala.com\/wp-content\/uploads\/2024\/01\/PACK-holistico-emocional-avanzad.webp","type":"image\/webp"}],"twitter_card":"summary_large_image","schema":{"@context":"https:\/\/schema.org","@graph":[{"@type":"WebPage","@id":"https:\/\/www.naturopatialacala.com\/producto\/pack-holistico-emocional-avanzado\/","url":"https:\/\/www.naturopatialacala.com\/producto\/pack-holistico-emocional-avanzado\/","name":"PACK Hol\u00edstico Emocional Avanzado - Naturopat\u00eda y Osteopat\u00eda La Cala \u2013 Nicol\u00e1s Fasoli","isPartOf":{"@id":"https:\/\/www.naturopatialacala.com\/en\/#website"},"primaryImageOfPage":{"@id":"https:\/\/www.naturopatialacala.com\/producto\/pack-holistico-emocional-avanzado\/#primaryimage"},"image":{"@id":"https:\/\/www.naturopatialacala.com\/producto\/pack-holistico-emocional-avanzado\/#primaryimage"},"thumbnailUrl":"https:\/\/www.naturopatialacala.com\/wp-content\/uploads\/2024\/01\/PACK-holistico-emocional-avanzad.webp","datePublished":"2024-01-29T09:08:33+00:00","dateModified":"2024-01-29T09:09:26+00:00","breadcrumb":{"@id":"https:\/\/www.naturopatialacala.com\/producto\/pack-holistico-emocional-avanzado\/#breadcrumb"},"inLanguage":"en-GB","potentialAction":[{"@type":"ReadAction","target":["https:\/\/www.naturopatialacala.com\/producto\/pack-holistico-emocional-avanzado\/"]}]},{"@type":"ImageObject","inLanguage":"en-GB","@id":"https:\/\/www.naturopatialacala.com\/producto\/pack-holistico-emocional-avanzado\/#primaryimage","url":"https:\/\/www.naturopatialacala.com\/wp-content\/uploads\/2024\/01\/PACK-holistico-emocional-avanzad.webp","contentUrl":"https:\/\/www.naturopatialacala.com\/wp-content\/uploads\/2024\/01\/PACK-holistico-emocional-avanzad.webp","width":800,"height":600},{"@type":"BreadcrumbList","@id":"https:\/\/www.naturopatialacala.com\/producto\/pack-holistico-emocional-avanzado\/#breadcrumb","itemListElement":[{"@type":"ListItem","position":1,"name":"Portada","item":"https:\/\/www.naturopatialacala.com\/"},{"@type":"ListItem","position":2,"name":"Tienda","item":"https:\/\/www.naturopatialacala.com\/it\/tienda\/"},{"@type":"ListItem","position":3,"name":"PACK Hol\u00edstico Emocional Avanzado"}]},{"@type":"WebSite","@id":"https:\/\/www.naturopatialacala.com\/en\/#website","url":"https:\/\/www.naturopatialacala.com\/en\/","name":"Naturopat\u00eda y Osteopat\u00eda La Cala \u2013 Nicol\u00e1s Fasoli","description":"Descubre un mundo de bienestar y salud integral en Naturopat\u00eda La Cala","potentialAction":[{"@type":"SearchAction","target":{"@type":"EntryPoint","urlTemplate":"https:\/\/www.naturopatialacala.com\/en\/?s={search_term_string}"},"query-input":{"@type":"PropertyValueSpecification","valueRequired":true,"valueName":"search_term_string"}}],"inLanguage":"en-GB"}]}},"_links":{"self":[{"href":"https:\/\/www.naturopatialacala.com\/en\/wp-json\/wp\/v2\/product\/272992","targetHints":{"allow":["GET"]}}],"collection":[{"href":"https:\/\/www.naturopatialacala.com\/en\/wp-json\/wp\/v2\/product"}],"about":[{"href":"https:\/\/www.naturopatialacala.com\/en\/wp-json\/wp\/v2\/types\/product"}],"replies":[{"embeddable":true,"href":"https:\/\/www.naturopatialacala.com\/en\/wp-json\/wp\/v2\/comments?post=272992"}],"wp:featuredmedia":[{"embeddable":true,"href":"https:\/\/www.naturopatialacala.com\/en\/wp-json\/wp\/v2\/media\/272993"}],"wp:attachment":[{"href":"https:\/\/www.naturopatialacala.com\/en\/wp-json\/wp\/v2\/media?parent=272992"}],"wp:term":[{"taxonomy":"product_brand","embeddable":true,"href":"https:\/\/www.naturopatialacala.com\/en\/wp-json\/wp\/v2\/product_brand?post=272992"},{"taxonomy":"product_cat","embeddable":true,"href":"https:\/\/www.naturopatialacala.com\/en\/wp-json\/wp\/v2\/product_cat?post=272992"},{"taxonomy":"product_tag","embeddable":true,"href":"https:\/\/www.naturopatialacala.com\/en\/wp-json\/wp\/v2\/product_tag?post=272992"}],"curies":[{"name":"wp","href":"https:\/\/api.w.org\/{rel}","templated":true}]}}