{"id":272994,"date":"2024-01-29T10:09:40","date_gmt":"2024-01-29T09:09:40","guid":{"rendered":"https:\/\/naturopatialacala.com\/?post_type=product&#038;p=272994"},"modified":"2024-01-29T10:10:17","modified_gmt":"2024-01-29T09:10:17","slug":"pack-de-seguimiento","status":"publish","type":"product","link":"https:\/\/www.naturopatialacala.com\/en\/product\/pack-de-seguimiento\/","title":{"rendered":"Tracking pack"},"content":{"rendered":"<p><em>NO V\u00c1LIDO COMO PRIMERA SESI\u00d3N EN ACUPUNTURA Y OSTEOPAT\u00cdA INFANTIL Y DEL ADULTO.<\/em><br \/>Osteopathy for children and adults<br \/>Acupuncture<br \/>Maderotherapy (specific body part only)<br \/>Anti-cellulite and reducing chiromassage (specific body part only)<br \/>Relaxing Chiromassage<br \/>Japanese Facial Massage<br \/>Reflexolog\u00eda<br \/>ear puncture<br \/>30 min follow-up session. according to the professional&#039;s instructions. \u20ac50<\/p>","protected":false},"excerpt":{"rendered":"<p>Osteopathy for children and adults<br \/>Acupuncture<br \/>Maderotherapy (specific body part only)<br \/>Anti-cellulite and reducing chiromassage (specific body part only)<br \/>Relaxing Chiromassage<br \/>Japanese Facial Massage<br \/>Reflexolog\u00eda<br \/>ear puncture<\/p>","protected":false},"featured_media":272995,"comment_status":"open","ping_status":"closed","template":"","meta":{"_et_pb_use_builder":"","_et_pb_old_content":"","_et_gb_content_width":""},"product_brand":[],"product_cat":[24],"product_tag":[],"class_list":{"0":"post-272994","1":"product","2":"type-product","3":"status-publish","4":"has-post-thumbnail","6":"product_cat-sin-categorizar","8":"first","9":"instock","10":"shipping-taxable","11":"purchasable","12":"product-type-simple"},"yoast_head":"<!-- This site is optimized with the Yoast SEO plugin v27.4 - https:\/\/yoast.com\/product\/yoast-seo-wordpress\/ -->\n<title>Pack de seguimiento - Naturopat\u00eda y Osteopat\u00eda La Cala \u2013 Nicol\u00e1s Fasoli<\/title>\n<meta name=\"robots\" content=\"index, follow, max-snippet:-1, max-image-preview:large, max-video-preview:-1\" \/>\n<link rel=\"canonical\" href=\"https:\/\/www.naturopatialacala.com\/en\/product\/pack-de-seguimiento\/\" \/>\n<meta property=\"og:locale\" content=\"en_GB\" \/>\n<meta property=\"og:type\" content=\"article\" \/>\n<meta property=\"og:title\" content=\"Pack de seguimiento - Naturopat\u00eda y Osteopat\u00eda La Cala \u2013 Nicol\u00e1s Fasoli\" \/>\n<meta property=\"og:description\" content=\"Osteopat\u00eda infantil y del AdultoAcupunturaMaderoterapia (solo parte corporal espec\u00edfica)Quiromasaje Anticelul\u00edtico y reductor (solo parte corporal espec\u00edfica)Quiromasaje RelajanteMasaje Facial Japon\u00e9sReflexolog\u00edaAuriculopuntura\" \/>\n<meta property=\"og:url\" content=\"https:\/\/www.naturopatialacala.com\/en\/product\/pack-de-seguimiento\/\" \/>\n<meta property=\"og:site_name\" content=\"Naturopat\u00eda y Osteopat\u00eda La Cala \u2013 Nicol\u00e1s Fasoli\" \/>\n<meta property=\"article:modified_time\" content=\"2024-01-29T09:10:17+00:00\" \/>\n<meta property=\"og:image\" content=\"https:\/\/www.naturopatialacala.com\/wp-content\/uploads\/2024\/01\/PACK-seguimiento-1.webp\" \/>\n\t<meta property=\"og:image:width\" content=\"800\" \/>\n\t<meta property=\"og:image:height\" content=\"600\" \/>\n\t<meta property=\"og:image:type\" content=\"image\/webp\" \/>\n<meta name=\"twitter:card\" content=\"summary_large_image\" \/>\n<script type=\"application\/ld+json\" class=\"yoast-schema-graph\">{\"@context\":\"https:\\\/\\\/schema.org\",\"@graph\":[{\"@type\":\"WebPage\",\"@id\":\"https:\\\/\\\/www.naturopatialacala.com\\\/producto\\\/pack-de-seguimiento\\\/\",\"url\":\"https:\\\/\\\/www.naturopatialacala.com\\\/producto\\\/pack-de-seguimiento\\\/\",\"name\":\"Pack de seguimiento - Naturopat\u00eda y Osteopat\u00eda La Cala \u2013 Nicol\u00e1s Fasoli\",\"isPartOf\":{\"@id\":\"https:\\\/\\\/www.naturopatialacala.com\\\/en\\\/#website\"},\"primaryImageOfPage\":{\"@id\":\"https:\\\/\\\/www.naturopatialacala.com\\\/producto\\\/pack-de-seguimiento\\\/#primaryimage\"},\"image\":{\"@id\":\"https:\\\/\\\/www.naturopatialacala.com\\\/producto\\\/pack-de-seguimiento\\\/#primaryimage\"},\"thumbnailUrl\":\"https:\\\/\\\/www.naturopatialacala.com\\\/wp-content\\\/uploads\\\/2024\\\/01\\\/PACK-seguimiento-1.webp\",\"datePublished\":\"2024-01-29T09:09:40+00:00\",\"dateModified\":\"2024-01-29T09:10:17+00:00\",\"breadcrumb\":{\"@id\":\"https:\\\/\\\/www.naturopatialacala.com\\\/producto\\\/pack-de-seguimiento\\\/#breadcrumb\"},\"inLanguage\":\"en-GB\",\"potentialAction\":[{\"@type\":\"ReadAction\",\"target\":[\"https:\\\/\\\/www.naturopatialacala.com\\\/producto\\\/pack-de-seguimiento\\\/\"]}]},{\"@type\":\"ImageObject\",\"inLanguage\":\"en-GB\",\"@id\":\"https:\\\/\\\/www.naturopatialacala.com\\\/producto\\\/pack-de-seguimiento\\\/#primaryimage\",\"url\":\"https:\\\/\\\/www.naturopatialacala.com\\\/wp-content\\\/uploads\\\/2024\\\/01\\\/PACK-seguimiento-1.webp\",\"contentUrl\":\"https:\\\/\\\/www.naturopatialacala.com\\\/wp-content\\\/uploads\\\/2024\\\/01\\\/PACK-seguimiento-1.webp\",\"width\":800,\"height\":600},{\"@type\":\"BreadcrumbList\",\"@id\":\"https:\\\/\\\/www.naturopatialacala.com\\\/producto\\\/pack-de-seguimiento\\\/#breadcrumb\",\"itemListElement\":[{\"@type\":\"ListItem\",\"position\":1,\"name\":\"Portada\",\"item\":\"https:\\\/\\\/www.naturopatialacala.com\\\/\"},{\"@type\":\"ListItem\",\"position\":2,\"name\":\"Tienda\",\"item\":\"https:\\\/\\\/www.naturopatialacala.com\\\/it\\\/tienda\\\/\"},{\"@type\":\"ListItem\",\"position\":3,\"name\":\"Pack de seguimiento\"}]},{\"@type\":\"WebSite\",\"@id\":\"https:\\\/\\\/www.naturopatialacala.com\\\/en\\\/#website\",\"url\":\"https:\\\/\\\/www.naturopatialacala.com\\\/en\\\/\",\"name\":\"Naturopat\u00eda y Osteopat\u00eda La Cala \u2013 Nicol\u00e1s Fasoli\",\"description\":\"Descubre un mundo de bienestar y salud integral en Naturopat\u00eda La Cala\",\"potentialAction\":[{\"@type\":\"SearchAction\",\"target\":{\"@type\":\"EntryPoint\",\"urlTemplate\":\"https:\\\/\\\/www.naturopatialacala.com\\\/en\\\/?s={search_term_string}\"},\"query-input\":{\"@type\":\"PropertyValueSpecification\",\"valueRequired\":true,\"valueName\":\"search_term_string\"}}],\"inLanguage\":\"en-GB\"}]}<\/script>\n<!-- \/ Yoast SEO plugin. -->","yoast_head_json":{"title":"Pack de seguimiento - Naturopat\u00eda y Osteopat\u00eda La Cala \u2013 Nicol\u00e1s Fasoli","robots":{"index":"index","follow":"follow","max-snippet":"max-snippet:-1","max-image-preview":"max-image-preview:large","max-video-preview":"max-video-preview:-1"},"canonical":"https:\/\/www.naturopatialacala.com\/en\/product\/pack-de-seguimiento\/","og_locale":"en_GB","og_type":"article","og_title":"Pack de seguimiento - Naturopat\u00eda y Osteopat\u00eda La Cala \u2013 Nicol\u00e1s Fasoli","og_description":"Osteopat\u00eda infantil y del AdultoAcupunturaMaderoterapia (solo parte corporal espec\u00edfica)Quiromasaje Anticelul\u00edtico y reductor (solo parte corporal espec\u00edfica)Quiromasaje RelajanteMasaje Facial Japon\u00e9sReflexolog\u00edaAuriculopuntura","og_url":"https:\/\/www.naturopatialacala.com\/en\/product\/pack-de-seguimiento\/","og_site_name":"Naturopat\u00eda y Osteopat\u00eda La Cala \u2013 Nicol\u00e1s Fasoli","article_modified_time":"2024-01-29T09:10:17+00:00","og_image":[{"width":800,"height":600,"url":"https:\/\/www.naturopatialacala.com\/wp-content\/uploads\/2024\/01\/PACK-seguimiento-1.webp","type":"image\/webp"}],"twitter_card":"summary_large_image","schema":{"@context":"https:\/\/schema.org","@graph":[{"@type":"WebPage","@id":"https:\/\/www.naturopatialacala.com\/producto\/pack-de-seguimiento\/","url":"https:\/\/www.naturopatialacala.com\/producto\/pack-de-seguimiento\/","name":"Pack de seguimiento - Naturopat\u00eda y Osteopat\u00eda La Cala \u2013 Nicol\u00e1s Fasoli","isPartOf":{"@id":"https:\/\/www.naturopatialacala.com\/en\/#website"},"primaryImageOfPage":{"@id":"https:\/\/www.naturopatialacala.com\/producto\/pack-de-seguimiento\/#primaryimage"},"image":{"@id":"https:\/\/www.naturopatialacala.com\/producto\/pack-de-seguimiento\/#primaryimage"},"thumbnailUrl":"https:\/\/www.naturopatialacala.com\/wp-content\/uploads\/2024\/01\/PACK-seguimiento-1.webp","datePublished":"2024-01-29T09:09:40+00:00","dateModified":"2024-01-29T09:10:17+00:00","breadcrumb":{"@id":"https:\/\/www.naturopatialacala.com\/producto\/pack-de-seguimiento\/#breadcrumb"},"inLanguage":"en-GB","potentialAction":[{"@type":"ReadAction","target":["https:\/\/www.naturopatialacala.com\/producto\/pack-de-seguimiento\/"]}]},{"@type":"ImageObject","inLanguage":"en-GB","@id":"https:\/\/www.naturopatialacala.com\/producto\/pack-de-seguimiento\/#primaryimage","url":"https:\/\/www.naturopatialacala.com\/wp-content\/uploads\/2024\/01\/PACK-seguimiento-1.webp","contentUrl":"https:\/\/www.naturopatialacala.com\/wp-content\/uploads\/2024\/01\/PACK-seguimiento-1.webp","width":800,"height":600},{"@type":"BreadcrumbList","@id":"https:\/\/www.naturopatialacala.com\/producto\/pack-de-seguimiento\/#breadcrumb","itemListElement":[{"@type":"ListItem","position":1,"name":"Portada","item":"https:\/\/www.naturopatialacala.com\/"},{"@type":"ListItem","position":2,"name":"Tienda","item":"https:\/\/www.naturopatialacala.com\/it\/tienda\/"},{"@type":"ListItem","position":3,"name":"Pack de seguimiento"}]},{"@type":"WebSite","@id":"https:\/\/www.naturopatialacala.com\/en\/#website","url":"https:\/\/www.naturopatialacala.com\/en\/","name":"Naturopat\u00eda y Osteopat\u00eda La Cala \u2013 Nicol\u00e1s Fasoli","description":"Descubre un mundo de bienestar y salud integral en Naturopat\u00eda La Cala","potentialAction":[{"@type":"SearchAction","target":{"@type":"EntryPoint","urlTemplate":"https:\/\/www.naturopatialacala.com\/en\/?s={search_term_string}"},"query-input":{"@type":"PropertyValueSpecification","valueRequired":true,"valueName":"search_term_string"}}],"inLanguage":"en-GB"}]}},"_links":{"self":[{"href":"https:\/\/www.naturopatialacala.com\/en\/wp-json\/wp\/v2\/product\/272994","targetHints":{"allow":["GET"]}}],"collection":[{"href":"https:\/\/www.naturopatialacala.com\/en\/wp-json\/wp\/v2\/product"}],"about":[{"href":"https:\/\/www.naturopatialacala.com\/en\/wp-json\/wp\/v2\/types\/product"}],"replies":[{"embeddable":true,"href":"https:\/\/www.naturopatialacala.com\/en\/wp-json\/wp\/v2\/comments?post=272994"}],"wp:featuredmedia":[{"embeddable":true,"href":"https:\/\/www.naturopatialacala.com\/en\/wp-json\/wp\/v2\/media\/272995"}],"wp:attachment":[{"href":"https:\/\/www.naturopatialacala.com\/en\/wp-json\/wp\/v2\/media?parent=272994"}],"wp:term":[{"taxonomy":"product_brand","embeddable":true,"href":"https:\/\/www.naturopatialacala.com\/en\/wp-json\/wp\/v2\/product_brand?post=272994"},{"taxonomy":"product_cat","embeddable":true,"href":"https:\/\/www.naturopatialacala.com\/en\/wp-json\/wp\/v2\/product_cat?post=272994"},{"taxonomy":"product_tag","embeddable":true,"href":"https:\/\/www.naturopatialacala.com\/en\/wp-json\/wp\/v2\/product_tag?post=272994"}],"curies":[{"name":"wp","href":"https:\/\/api.w.org\/{rel}","templated":true}]}}