{"id":272990,"date":"2024-01-29T10:07:17","date_gmt":"2024-01-29T09:07:17","guid":{"rendered":"https:\/\/naturopatialacala.com\/?post_type=product&#038;p=272990"},"modified":"2024-08-09T17:18:37","modified_gmt":"2024-08-09T16:18:37","slug":"pack-masaje-y-bienestar","status":"publish","type":"product","link":"https:\/\/www.naturopatialacala.com\/it\/prodotto\/pack-masaje-y-bienestar\/","title":{"rendered":"PACK Masaje y Bienestar"},"content":{"rendered":"<p>Sesi\u00f3n de 60 min. \u00a080\u20ac<br \/>*En la sesi\u00f3n se aplicar\u00e1 el m\u00e9todo estipulado con el profesional de forma personalizada.<\/p>","protected":false},"excerpt":{"rendered":"<p>Drenaje Linf\u00e1tico Manual<br \/>Maderoterapia<br \/>Quiromasaje Reductor y Anticelul\u00edtico<br \/>Quiromasaje Deportivo<br \/>Masaje con Piedras Calientes<br \/>Quiromasaje personalizado con flores de bach<br \/>Masaje californiano<br \/>Masaje ayurvedico con pindas<br \/>Limpieza facial profunda + Masaje Facial Japon\u00e9s<br \/>Limpieza facial profunda + Quiromasaje Relajante<br \/>Masaje Facial Japon\u00e9s + Quiromasaje Relajante<\/p>","protected":false},"featured_media":272991,"comment_status":"open","ping_status":"closed","template":"","meta":{"_et_pb_use_builder":"","_et_pb_old_content":"","_et_gb_content_width":""},"product_brand":[],"product_cat":[24],"product_tag":[],"class_list":{"0":"post-272990","1":"product","2":"type-product","3":"status-publish","4":"has-post-thumbnail","6":"product_cat-sin-categorizar","8":"first","9":"instock","10":"shipping-taxable","11":"purchasable","12":"product-type-simple"},"yoast_head":"<!-- This site is optimized with the Yoast SEO plugin v27.0 - https:\/\/yoast.com\/product\/yoast-seo-wordpress\/ -->\n<title>PACK Masaje y Bienestar - Naturopat\u00eda y Osteopat\u00eda La Cala \u2013 Nicol\u00e1s Fasoli<\/title>\n<meta name=\"robots\" content=\"index, follow, max-snippet:-1, max-image-preview:large, max-video-preview:-1\" \/>\n<link rel=\"canonical\" href=\"https:\/\/www.naturopatialacala.com\/it\/prodotto\/pack-masaje-y-bienestar\/\" \/>\n<meta property=\"og:locale\" content=\"it_IT\" \/>\n<meta property=\"og:type\" content=\"article\" \/>\n<meta property=\"og:title\" content=\"PACK Masaje y Bienestar - Naturopat\u00eda y Osteopat\u00eda La Cala \u2013 Nicol\u00e1s Fasoli\" \/>\n<meta property=\"og:description\" content=\"Drenaje Linf\u00e1tico ManualMaderoterapiaQuiromasaje Reductor y Anticelul\u00edticoQuiromasaje DeportivoMasaje con Piedras CalientesQuiromasaje personalizado con flores de bachMasaje californianoMasaje ayurvedico con pindasLimpieza facial profunda + Masaje Facial Japon\u00e9sLimpieza facial profunda + Quiromasaje RelajanteMasaje Facial Japon\u00e9s + Quiromasaje Relajante\" \/>\n<meta property=\"og:url\" content=\"https:\/\/www.naturopatialacala.com\/it\/prodotto\/pack-masaje-y-bienestar\/\" \/>\n<meta property=\"og:site_name\" content=\"Naturopat\u00eda y Osteopat\u00eda La Cala \u2013 Nicol\u00e1s Fasoli\" \/>\n<meta property=\"article:modified_time\" content=\"2024-08-09T16:18:37+00:00\" \/>\n<meta property=\"og:image\" content=\"https:\/\/www.naturopatialacala.com\/wp-content\/uploads\/2024\/01\/PACK-masaje-bienestar-1.webp\" \/>\n\t<meta property=\"og:image:width\" content=\"800\" \/>\n\t<meta property=\"og:image:height\" content=\"600\" \/>\n\t<meta property=\"og:image:type\" content=\"image\/webp\" \/>\n<meta name=\"twitter:card\" content=\"summary_large_image\" \/>\n<script type=\"application\/ld+json\" class=\"yoast-schema-graph\">{\"@context\":\"https:\/\/schema.org\",\"@graph\":[{\"@type\":\"WebPage\",\"@id\":\"https:\/\/www.naturopatialacala.com\/producto\/pack-masaje-y-bienestar\/\",\"url\":\"https:\/\/www.naturopatialacala.com\/producto\/pack-masaje-y-bienestar\/\",\"name\":\"PACK Masaje y Bienestar - Naturopat\u00eda y Osteopat\u00eda La Cala \u2013 Nicol\u00e1s Fasoli\",\"isPartOf\":{\"@id\":\"https:\/\/www.naturopatialacala.com\/en\/#website\"},\"primaryImageOfPage\":{\"@id\":\"https:\/\/www.naturopatialacala.com\/producto\/pack-masaje-y-bienestar\/#primaryimage\"},\"image\":{\"@id\":\"https:\/\/www.naturopatialacala.com\/producto\/pack-masaje-y-bienestar\/#primaryimage\"},\"thumbnailUrl\":\"https:\/\/www.naturopatialacala.com\/wp-content\/uploads\/2024\/01\/PACK-masaje-bienestar-1.webp\",\"datePublished\":\"2024-01-29T09:07:17+00:00\",\"dateModified\":\"2024-08-09T16:18:37+00:00\",\"breadcrumb\":{\"@id\":\"https:\/\/www.naturopatialacala.com\/producto\/pack-masaje-y-bienestar\/#breadcrumb\"},\"inLanguage\":\"it-IT\",\"potentialAction\":[{\"@type\":\"ReadAction\",\"target\":[\"https:\/\/www.naturopatialacala.com\/producto\/pack-masaje-y-bienestar\/\"]}]},{\"@type\":\"ImageObject\",\"inLanguage\":\"it-IT\",\"@id\":\"https:\/\/www.naturopatialacala.com\/producto\/pack-masaje-y-bienestar\/#primaryimage\",\"url\":\"https:\/\/www.naturopatialacala.com\/wp-content\/uploads\/2024\/01\/PACK-masaje-bienestar-1.webp\",\"contentUrl\":\"https:\/\/www.naturopatialacala.com\/wp-content\/uploads\/2024\/01\/PACK-masaje-bienestar-1.webp\",\"width\":800,\"height\":600},{\"@type\":\"BreadcrumbList\",\"@id\":\"https:\/\/www.naturopatialacala.com\/producto\/pack-masaje-y-bienestar\/#breadcrumb\",\"itemListElement\":[{\"@type\":\"ListItem\",\"position\":1,\"name\":\"Portada\",\"item\":\"https:\/\/www.naturopatialacala.com\/\"},{\"@type\":\"ListItem\",\"position\":2,\"name\":\"Tienda\",\"item\":\"https:\/\/www.naturopatialacala.com\/it\/tienda\/\"},{\"@type\":\"ListItem\",\"position\":3,\"name\":\"PACK Masaje y Bienestar\"}]},{\"@type\":\"WebSite\",\"@id\":\"https:\/\/www.naturopatialacala.com\/en\/#website\",\"url\":\"https:\/\/www.naturopatialacala.com\/en\/\",\"name\":\"Naturopat\u00eda y Osteopat\u00eda La Cala \u2013 Nicol\u00e1s Fasoli\",\"description\":\"Descubre un mundo de bienestar y salud integral en Naturopat\u00eda La Cala\",\"potentialAction\":[{\"@type\":\"SearchAction\",\"target\":{\"@type\":\"EntryPoint\",\"urlTemplate\":\"https:\/\/www.naturopatialacala.com\/en\/?s={search_term_string}\"},\"query-input\":{\"@type\":\"PropertyValueSpecification\",\"valueRequired\":true,\"valueName\":\"search_term_string\"}}],\"inLanguage\":\"it-IT\"}]}<\/script>\n<!-- \/ Yoast SEO plugin. -->","yoast_head_json":{"title":"PACK Masaje y Bienestar - Naturopat\u00eda y Osteopat\u00eda La Cala \u2013 Nicol\u00e1s Fasoli","robots":{"index":"index","follow":"follow","max-snippet":"max-snippet:-1","max-image-preview":"max-image-preview:large","max-video-preview":"max-video-preview:-1"},"canonical":"https:\/\/www.naturopatialacala.com\/it\/prodotto\/pack-masaje-y-bienestar\/","og_locale":"it_IT","og_type":"article","og_title":"PACK Masaje y Bienestar - Naturopat\u00eda y Osteopat\u00eda La Cala \u2013 Nicol\u00e1s Fasoli","og_description":"Drenaje Linf\u00e1tico ManualMaderoterapiaQuiromasaje Reductor y Anticelul\u00edticoQuiromasaje DeportivoMasaje con Piedras CalientesQuiromasaje personalizado con flores de bachMasaje californianoMasaje ayurvedico con pindasLimpieza facial profunda + Masaje Facial Japon\u00e9sLimpieza facial profunda + Quiromasaje RelajanteMasaje Facial Japon\u00e9s + Quiromasaje Relajante","og_url":"https:\/\/www.naturopatialacala.com\/it\/prodotto\/pack-masaje-y-bienestar\/","og_site_name":"Naturopat\u00eda y Osteopat\u00eda La Cala \u2013 Nicol\u00e1s Fasoli","article_modified_time":"2024-08-09T16:18:37+00:00","og_image":[{"width":800,"height":600,"url":"https:\/\/www.naturopatialacala.com\/wp-content\/uploads\/2024\/01\/PACK-masaje-bienestar-1.webp","type":"image\/webp"}],"twitter_card":"summary_large_image","schema":{"@context":"https:\/\/schema.org","@graph":[{"@type":"WebPage","@id":"https:\/\/www.naturopatialacala.com\/producto\/pack-masaje-y-bienestar\/","url":"https:\/\/www.naturopatialacala.com\/producto\/pack-masaje-y-bienestar\/","name":"PACK Masaje y Bienestar - Naturopat\u00eda y Osteopat\u00eda La Cala \u2013 Nicol\u00e1s Fasoli","isPartOf":{"@id":"https:\/\/www.naturopatialacala.com\/en\/#website"},"primaryImageOfPage":{"@id":"https:\/\/www.naturopatialacala.com\/producto\/pack-masaje-y-bienestar\/#primaryimage"},"image":{"@id":"https:\/\/www.naturopatialacala.com\/producto\/pack-masaje-y-bienestar\/#primaryimage"},"thumbnailUrl":"https:\/\/www.naturopatialacala.com\/wp-content\/uploads\/2024\/01\/PACK-masaje-bienestar-1.webp","datePublished":"2024-01-29T09:07:17+00:00","dateModified":"2024-08-09T16:18:37+00:00","breadcrumb":{"@id":"https:\/\/www.naturopatialacala.com\/producto\/pack-masaje-y-bienestar\/#breadcrumb"},"inLanguage":"it-IT","potentialAction":[{"@type":"ReadAction","target":["https:\/\/www.naturopatialacala.com\/producto\/pack-masaje-y-bienestar\/"]}]},{"@type":"ImageObject","inLanguage":"it-IT","@id":"https:\/\/www.naturopatialacala.com\/producto\/pack-masaje-y-bienestar\/#primaryimage","url":"https:\/\/www.naturopatialacala.com\/wp-content\/uploads\/2024\/01\/PACK-masaje-bienestar-1.webp","contentUrl":"https:\/\/www.naturopatialacala.com\/wp-content\/uploads\/2024\/01\/PACK-masaje-bienestar-1.webp","width":800,"height":600},{"@type":"BreadcrumbList","@id":"https:\/\/www.naturopatialacala.com\/producto\/pack-masaje-y-bienestar\/#breadcrumb","itemListElement":[{"@type":"ListItem","position":1,"name":"Portada","item":"https:\/\/www.naturopatialacala.com\/"},{"@type":"ListItem","position":2,"name":"Tienda","item":"https:\/\/www.naturopatialacala.com\/it\/tienda\/"},{"@type":"ListItem","position":3,"name":"PACK Masaje y Bienestar"}]},{"@type":"WebSite","@id":"https:\/\/www.naturopatialacala.com\/en\/#website","url":"https:\/\/www.naturopatialacala.com\/en\/","name":"Naturopat\u00eda y Osteopat\u00eda La Cala \u2013 Nicol\u00e1s Fasoli","description":"Descubre un mundo de bienestar y salud integral en Naturopat\u00eda La Cala","potentialAction":[{"@type":"SearchAction","target":{"@type":"EntryPoint","urlTemplate":"https:\/\/www.naturopatialacala.com\/en\/?s={search_term_string}"},"query-input":{"@type":"PropertyValueSpecification","valueRequired":true,"valueName":"search_term_string"}}],"inLanguage":"it-IT"}]}},"_links":{"self":[{"href":"https:\/\/www.naturopatialacala.com\/it\/wp-json\/wp\/v2\/product\/272990","targetHints":{"allow":["GET"]}}],"collection":[{"href":"https:\/\/www.naturopatialacala.com\/it\/wp-json\/wp\/v2\/product"}],"about":[{"href":"https:\/\/www.naturopatialacala.com\/it\/wp-json\/wp\/v2\/types\/product"}],"replies":[{"embeddable":true,"href":"https:\/\/www.naturopatialacala.com\/it\/wp-json\/wp\/v2\/comments?post=272990"}],"wp:featuredmedia":[{"embeddable":true,"href":"https:\/\/www.naturopatialacala.com\/it\/wp-json\/wp\/v2\/media\/272991"}],"wp:attachment":[{"href":"https:\/\/www.naturopatialacala.com\/it\/wp-json\/wp\/v2\/media?parent=272990"}],"wp:term":[{"taxonomy":"product_brand","embeddable":true,"href":"https:\/\/www.naturopatialacala.com\/it\/wp-json\/wp\/v2\/product_brand?post=272990"},{"taxonomy":"product_cat","embeddable":true,"href":"https:\/\/www.naturopatialacala.com\/it\/wp-json\/wp\/v2\/product_cat?post=272990"},{"taxonomy":"product_tag","embeddable":true,"href":"https:\/\/www.naturopatialacala.com\/it\/wp-json\/wp\/v2\/product_tag?post=272990"}],"curies":[{"name":"wp","href":"https:\/\/api.w.org\/{rel}","templated":true}]}}