{"id":273080,"date":"2024-08-06T17:27:04","date_gmt":"2024-08-06T16:27:04","guid":{"rendered":"https:\/\/naturopatialacala.com\/?post_type=product&#038;p=273080"},"modified":"2024-08-06T17:28:15","modified_gmt":"2024-08-06T16:28:15","slug":"sesion-laura-barbieri","status":"publish","type":"product","link":"https:\/\/www.naturopatialacala.com\/it\/prodotto\/sesion-laura-barbieri\/","title":{"rendered":"Sesi\u00f3n Laura Barbieri"},"content":{"rendered":"<p>Sesi\u00f3n de 60 min. \u00a080\u20ac<\/p>","protected":false},"excerpt":{"rendered":"<p>Oste\u00f3pata craneosacral con m\u00e1s de 20 a\u00f1os de experiencia, especializada en T\u00e9cnicas Manuales, M\u00e9todos<br \/>Orientales (MTC), Masaje Facial Japon\u00e9s, Drenaje Linf\u00e1tico Manual, Re\uf002exolog\u00eda y Masaje Relajante.<br \/>Ofrece sesiones integrales que combinan estas t\u00e9cnicas para mejorar el bienestar f\u00edsico y energ\u00e9tico. Su enfoque personalizado se adapta a las necesidades individuales de cada cliente, utilizando la acupuntura para equilibrar la energ\u00eda del cuerpo, el masaje facial japon\u00e9s para rejuvenecer y relajar, la osteopat\u00eda craneosacral para aliviar tensiones y mejorar la movilidad, y otras t\u00e9cnicas manuales para proporcionar alivio.<\/p>","protected":false},"featured_media":272991,"comment_status":"open","ping_status":"closed","template":"","meta":{"_et_pb_use_builder":"","_et_pb_old_content":"","_et_gb_content_width":""},"product_brand":[],"product_cat":[24],"product_tag":[],"class_list":{"0":"post-273080","1":"product","2":"type-product","3":"status-publish","4":"has-post-thumbnail","6":"product_cat-sin-categorizar","8":"first","9":"instock","10":"shipping-taxable","11":"purchasable","12":"product-type-simple"},"yoast_head":"<!-- This site is optimized with the Yoast SEO plugin v27.0 - https:\/\/yoast.com\/product\/yoast-seo-wordpress\/ -->\n<title>Sesi\u00f3n Laura Barbieri - Naturopat\u00eda y Osteopat\u00eda La Cala \u2013 Nicol\u00e1s Fasoli<\/title>\n<meta name=\"robots\" content=\"index, follow, max-snippet:-1, max-image-preview:large, max-video-preview:-1\" \/>\n<link rel=\"canonical\" href=\"https:\/\/www.naturopatialacala.com\/it\/prodotto\/sesion-laura-barbieri\/\" \/>\n<meta property=\"og:locale\" content=\"it_IT\" \/>\n<meta property=\"og:type\" content=\"article\" \/>\n<meta property=\"og:title\" content=\"Sesi\u00f3n Laura Barbieri - Naturopat\u00eda y Osteopat\u00eda La Cala \u2013 Nicol\u00e1s Fasoli\" \/>\n<meta property=\"og:description\" content=\"Oste\u00f3pata craneosacral con m\u00e1s de 20 a\u00f1os de experiencia, especializada en T\u00e9cnicas Manuales, M\u00e9todosOrientales (MTC), Masaje Facial Japon\u00e9s, Drenaje Linf\u00e1tico Manual, Re\uf002exolog\u00eda y Masaje Relajante.Ofrece sesiones integrales que combinan estas t\u00e9cnicas para mejorar el bienestar f\u00edsico y energ\u00e9tico. Su enfoque personalizado se adapta a las necesidades individuales de cada cliente, utilizando la acupuntura para equilibrar la energ\u00eda del cuerpo, el masaje facial japon\u00e9s para rejuvenecer y relajar, la osteopat\u00eda craneosacral para aliviar tensiones y mejorar la movilidad, y otras t\u00e9cnicas manuales para proporcionar alivio.\" \/>\n<meta property=\"og:url\" content=\"https:\/\/www.naturopatialacala.com\/it\/prodotto\/sesion-laura-barbieri\/\" \/>\n<meta property=\"og:site_name\" content=\"Naturopat\u00eda y Osteopat\u00eda La Cala \u2013 Nicol\u00e1s Fasoli\" \/>\n<meta property=\"article:modified_time\" content=\"2024-08-06T16:28:15+00:00\" \/>\n<meta property=\"og:image\" content=\"https:\/\/www.naturopatialacala.com\/wp-content\/uploads\/2024\/01\/PACK-masaje-bienestar-1.webp\" \/>\n\t<meta property=\"og:image:width\" content=\"800\" \/>\n\t<meta property=\"og:image:height\" content=\"600\" \/>\n\t<meta property=\"og:image:type\" content=\"image\/webp\" \/>\n<meta name=\"twitter:card\" content=\"summary_large_image\" \/>\n<script type=\"application\/ld+json\" class=\"yoast-schema-graph\">{\"@context\":\"https:\/\/schema.org\",\"@graph\":[{\"@type\":\"WebPage\",\"@id\":\"https:\/\/www.naturopatialacala.com\/producto\/sesion-laura-barbieri\/\",\"url\":\"https:\/\/www.naturopatialacala.com\/producto\/sesion-laura-barbieri\/\",\"name\":\"Sesi\u00f3n Laura Barbieri - Naturopat\u00eda y Osteopat\u00eda La Cala \u2013 Nicol\u00e1s Fasoli\",\"isPartOf\":{\"@id\":\"https:\/\/www.naturopatialacala.com\/en\/#website\"},\"primaryImageOfPage\":{\"@id\":\"https:\/\/www.naturopatialacala.com\/producto\/sesion-laura-barbieri\/#primaryimage\"},\"image\":{\"@id\":\"https:\/\/www.naturopatialacala.com\/producto\/sesion-laura-barbieri\/#primaryimage\"},\"thumbnailUrl\":\"https:\/\/www.naturopatialacala.com\/wp-content\/uploads\/2024\/01\/PACK-masaje-bienestar-1.webp\",\"datePublished\":\"2024-08-06T16:27:04+00:00\",\"dateModified\":\"2024-08-06T16:28:15+00:00\",\"breadcrumb\":{\"@id\":\"https:\/\/www.naturopatialacala.com\/producto\/sesion-laura-barbieri\/#breadcrumb\"},\"inLanguage\":\"it-IT\",\"potentialAction\":[{\"@type\":\"ReadAction\",\"target\":[\"https:\/\/www.naturopatialacala.com\/producto\/sesion-laura-barbieri\/\"]}]},{\"@type\":\"ImageObject\",\"inLanguage\":\"it-IT\",\"@id\":\"https:\/\/www.naturopatialacala.com\/producto\/sesion-laura-barbieri\/#primaryimage\",\"url\":\"https:\/\/www.naturopatialacala.com\/wp-content\/uploads\/2024\/01\/PACK-masaje-bienestar-1.webp\",\"contentUrl\":\"https:\/\/www.naturopatialacala.com\/wp-content\/uploads\/2024\/01\/PACK-masaje-bienestar-1.webp\",\"width\":800,\"height\":600},{\"@type\":\"BreadcrumbList\",\"@id\":\"https:\/\/www.naturopatialacala.com\/producto\/sesion-laura-barbieri\/#breadcrumb\",\"itemListElement\":[{\"@type\":\"ListItem\",\"position\":1,\"name\":\"Portada\",\"item\":\"https:\/\/www.naturopatialacala.com\/\"},{\"@type\":\"ListItem\",\"position\":2,\"name\":\"Tienda\",\"item\":\"https:\/\/www.naturopatialacala.com\/it\/tienda\/\"},{\"@type\":\"ListItem\",\"position\":3,\"name\":\"Sesi\u00f3n Laura Barbieri\"}]},{\"@type\":\"WebSite\",\"@id\":\"https:\/\/www.naturopatialacala.com\/en\/#website\",\"url\":\"https:\/\/www.naturopatialacala.com\/en\/\",\"name\":\"Naturopat\u00eda y Osteopat\u00eda La Cala \u2013 Nicol\u00e1s Fasoli\",\"description\":\"Descubre un mundo de bienestar y salud integral en Naturopat\u00eda La Cala\",\"potentialAction\":[{\"@type\":\"SearchAction\",\"target\":{\"@type\":\"EntryPoint\",\"urlTemplate\":\"https:\/\/www.naturopatialacala.com\/en\/?s={search_term_string}\"},\"query-input\":{\"@type\":\"PropertyValueSpecification\",\"valueRequired\":true,\"valueName\":\"search_term_string\"}}],\"inLanguage\":\"it-IT\"}]}<\/script>\n<!-- \/ Yoast SEO plugin. -->","yoast_head_json":{"title":"Sesi\u00f3n Laura Barbieri - Naturopat\u00eda y Osteopat\u00eda La Cala \u2013 Nicol\u00e1s Fasoli","robots":{"index":"index","follow":"follow","max-snippet":"max-snippet:-1","max-image-preview":"max-image-preview:large","max-video-preview":"max-video-preview:-1"},"canonical":"https:\/\/www.naturopatialacala.com\/it\/prodotto\/sesion-laura-barbieri\/","og_locale":"it_IT","og_type":"article","og_title":"Sesi\u00f3n Laura Barbieri - Naturopat\u00eda y Osteopat\u00eda La Cala \u2013 Nicol\u00e1s Fasoli","og_description":"Oste\u00f3pata craneosacral con m\u00e1s de 20 a\u00f1os de experiencia, especializada en T\u00e9cnicas Manuales, M\u00e9todosOrientales (MTC), Masaje Facial Japon\u00e9s, Drenaje Linf\u00e1tico Manual, Re\uf002exolog\u00eda y Masaje Relajante.Ofrece sesiones integrales que combinan estas t\u00e9cnicas para mejorar el bienestar f\u00edsico y energ\u00e9tico. Su enfoque personalizado se adapta a las necesidades individuales de cada cliente, utilizando la acupuntura para equilibrar la energ\u00eda del cuerpo, el masaje facial japon\u00e9s para rejuvenecer y relajar, la osteopat\u00eda craneosacral para aliviar tensiones y mejorar la movilidad, y otras t\u00e9cnicas manuales para proporcionar alivio.","og_url":"https:\/\/www.naturopatialacala.com\/it\/prodotto\/sesion-laura-barbieri\/","og_site_name":"Naturopat\u00eda y Osteopat\u00eda La Cala \u2013 Nicol\u00e1s Fasoli","article_modified_time":"2024-08-06T16:28:15+00:00","og_image":[{"width":800,"height":600,"url":"https:\/\/www.naturopatialacala.com\/wp-content\/uploads\/2024\/01\/PACK-masaje-bienestar-1.webp","type":"image\/webp"}],"twitter_card":"summary_large_image","schema":{"@context":"https:\/\/schema.org","@graph":[{"@type":"WebPage","@id":"https:\/\/www.naturopatialacala.com\/producto\/sesion-laura-barbieri\/","url":"https:\/\/www.naturopatialacala.com\/producto\/sesion-laura-barbieri\/","name":"Sesi\u00f3n Laura Barbieri - Naturopat\u00eda y Osteopat\u00eda La Cala \u2013 Nicol\u00e1s Fasoli","isPartOf":{"@id":"https:\/\/www.naturopatialacala.com\/en\/#website"},"primaryImageOfPage":{"@id":"https:\/\/www.naturopatialacala.com\/producto\/sesion-laura-barbieri\/#primaryimage"},"image":{"@id":"https:\/\/www.naturopatialacala.com\/producto\/sesion-laura-barbieri\/#primaryimage"},"thumbnailUrl":"https:\/\/www.naturopatialacala.com\/wp-content\/uploads\/2024\/01\/PACK-masaje-bienestar-1.webp","datePublished":"2024-08-06T16:27:04+00:00","dateModified":"2024-08-06T16:28:15+00:00","breadcrumb":{"@id":"https:\/\/www.naturopatialacala.com\/producto\/sesion-laura-barbieri\/#breadcrumb"},"inLanguage":"it-IT","potentialAction":[{"@type":"ReadAction","target":["https:\/\/www.naturopatialacala.com\/producto\/sesion-laura-barbieri\/"]}]},{"@type":"ImageObject","inLanguage":"it-IT","@id":"https:\/\/www.naturopatialacala.com\/producto\/sesion-laura-barbieri\/#primaryimage","url":"https:\/\/www.naturopatialacala.com\/wp-content\/uploads\/2024\/01\/PACK-masaje-bienestar-1.webp","contentUrl":"https:\/\/www.naturopatialacala.com\/wp-content\/uploads\/2024\/01\/PACK-masaje-bienestar-1.webp","width":800,"height":600},{"@type":"BreadcrumbList","@id":"https:\/\/www.naturopatialacala.com\/producto\/sesion-laura-barbieri\/#breadcrumb","itemListElement":[{"@type":"ListItem","position":1,"name":"Portada","item":"https:\/\/www.naturopatialacala.com\/"},{"@type":"ListItem","position":2,"name":"Tienda","item":"https:\/\/www.naturopatialacala.com\/it\/tienda\/"},{"@type":"ListItem","position":3,"name":"Sesi\u00f3n Laura Barbieri"}]},{"@type":"WebSite","@id":"https:\/\/www.naturopatialacala.com\/en\/#website","url":"https:\/\/www.naturopatialacala.com\/en\/","name":"Naturopat\u00eda y Osteopat\u00eda La Cala \u2013 Nicol\u00e1s Fasoli","description":"Descubre un mundo de bienestar y salud integral en Naturopat\u00eda La Cala","potentialAction":[{"@type":"SearchAction","target":{"@type":"EntryPoint","urlTemplate":"https:\/\/www.naturopatialacala.com\/en\/?s={search_term_string}"},"query-input":{"@type":"PropertyValueSpecification","valueRequired":true,"valueName":"search_term_string"}}],"inLanguage":"it-IT"}]}},"_links":{"self":[{"href":"https:\/\/www.naturopatialacala.com\/it\/wp-json\/wp\/v2\/product\/273080","targetHints":{"allow":["GET"]}}],"collection":[{"href":"https:\/\/www.naturopatialacala.com\/it\/wp-json\/wp\/v2\/product"}],"about":[{"href":"https:\/\/www.naturopatialacala.com\/it\/wp-json\/wp\/v2\/types\/product"}],"replies":[{"embeddable":true,"href":"https:\/\/www.naturopatialacala.com\/it\/wp-json\/wp\/v2\/comments?post=273080"}],"wp:featuredmedia":[{"embeddable":true,"href":"https:\/\/www.naturopatialacala.com\/it\/wp-json\/wp\/v2\/media\/272991"}],"wp:attachment":[{"href":"https:\/\/www.naturopatialacala.com\/it\/wp-json\/wp\/v2\/media?parent=273080"}],"wp:term":[{"taxonomy":"product_brand","embeddable":true,"href":"https:\/\/www.naturopatialacala.com\/it\/wp-json\/wp\/v2\/product_brand?post=273080"},{"taxonomy":"product_cat","embeddable":true,"href":"https:\/\/www.naturopatialacala.com\/it\/wp-json\/wp\/v2\/product_cat?post=273080"},{"taxonomy":"product_tag","embeddable":true,"href":"https:\/\/www.naturopatialacala.com\/it\/wp-json\/wp\/v2\/product_tag?post=273080"}],"curies":[{"name":"wp","href":"https:\/\/api.w.org\/{rel}","templated":true}]}}