{"id":273081,"date":"2024-08-06T17:28:53","date_gmt":"2024-08-06T16:28:53","guid":{"rendered":"https:\/\/naturopatialacala.com\/?post_type=product&#038;p=273081"},"modified":"2026-02-04T00:17:00","modified_gmt":"2026-02-03T23:17:00","slug":"sesion-con-nicolas-fasoli","status":"publish","type":"product","link":"https:\/\/www.naturopatialacala.com\/it\/prodotto\/sesion-con-nicolas-fasoli\/","title":{"rendered":"Sesi\u00f3n con Nicolas Fasoli"},"content":{"rendered":"<p><strong>Licenciado Universitario en Osteopat\u00eda y Oste\u00f3pata D.O., Experto Universitario en Homeopat\u00eda y Especialista Universitario en Terapia Gestalt.<\/strong> Ofrece una s<strong>esi\u00f3n innovadora que combina su vasta formaci\u00f3n acad\u00e9mica y m\u00e1s de 20 a\u00f1os de experiencia.<\/strong> Utiliza tecnolog\u00eda de vanguardia y <strong>T\u00e9cnicas Manuales Avanzadas de Osteopat\u00eda<\/strong> neonatal, infantil y del adulto: estructural, visceral, craneosacral, fascial, funcional, neuro-osteopat\u00eda, psicobiol\u00f3gica, deportiva, entre otras t\u00e9cnicas.<br \/>Osteopat\u00eda Avanzada<br \/>Acupuntura, M\u00e9todos Orientales (MTC)<br \/>Naturopatia<br \/>Omeopatia<br \/>Kinesiolog\u00eda<br \/>Iridolog\u00eda<br \/>M\u00e9todos Hol\u00edsticos Emocionales<\/p>","protected":false},"excerpt":{"rendered":"<p>Licenciado Universitario en Osteopat\u00eda y Oste\u00f3pata D.O., Experto Universitario en Homeopat\u00eda y Especialista Universitario en Terapia Gestalt. Ofrece una sesi\u00f3n innovadora que combina su vasta formaci\u00f3n acad\u00e9mica y m\u00e1s de 20 a\u00f1os de experiencia. Utiliza tecnolog\u00eda de vanguardia y T\u00e9cnicas Manuales Avanzadas de Osteopat\u00eda neonatal, infantil y del adulto: estructural, visceral, craneosacral, fascial, funcional, neuro-osteopat\u00eda, [&hellip;]<\/p>\n","protected":false},"featured_media":272993,"comment_status":"open","ping_status":"closed","template":"","meta":{"_et_pb_use_builder":"","_et_pb_old_content":"","_et_gb_content_width":""},"product_brand":[],"product_cat":[24],"product_tag":[],"class_list":{"0":"post-273081","1":"product","2":"type-product","3":"status-publish","4":"has-post-thumbnail","6":"product_cat-sin-categorizar","8":"first","9":"instock","10":"shipping-taxable","11":"purchasable","12":"product-type-simple"},"yoast_head":"<!-- This site is optimized with the Yoast SEO plugin v27.0 - https:\/\/yoast.com\/product\/yoast-seo-wordpress\/ -->\n<title>Sesi\u00f3n con Nicolas Fasoli - Naturopat\u00eda y Osteopat\u00eda La Cala \u2013 Nicol\u00e1s Fasoli<\/title>\n<meta name=\"robots\" content=\"index, follow, max-snippet:-1, max-image-preview:large, max-video-preview:-1\" \/>\n<link rel=\"canonical\" href=\"https:\/\/www.naturopatialacala.com\/it\/prodotto\/sesion-con-nicolas-fasoli\/\" \/>\n<meta property=\"og:locale\" content=\"it_IT\" \/>\n<meta property=\"og:type\" content=\"article\" \/>\n<meta property=\"og:title\" content=\"Sesi\u00f3n con Nicolas Fasoli - Naturopat\u00eda y Osteopat\u00eda La Cala \u2013 Nicol\u00e1s Fasoli\" \/>\n<meta property=\"og:description\" content=\"Licenciado Universitario en Osteopat\u00eda y Oste\u00f3pata D.O., Experto Universitario en Homeopat\u00eda y Especialista Universitario en Terapia Gestalt. Ofrece una sesi\u00f3n innovadora que combina su vasta formaci\u00f3n acad\u00e9mica y m\u00e1s de 20 a\u00f1os de experiencia. Utiliza tecnolog\u00eda de vanguardia y T\u00e9cnicas Manuales Avanzadas de Osteopat\u00eda neonatal, infantil y del adulto: estructural, visceral, craneosacral, fascial, funcional, neuro-osteopat\u00eda, [&hellip;]\" \/>\n<meta property=\"og:url\" content=\"https:\/\/www.naturopatialacala.com\/it\/prodotto\/sesion-con-nicolas-fasoli\/\" \/>\n<meta property=\"og:site_name\" content=\"Naturopat\u00eda y Osteopat\u00eda La Cala \u2013 Nicol\u00e1s Fasoli\" \/>\n<meta property=\"article:modified_time\" content=\"2026-02-03T23:17:00+00:00\" \/>\n<meta property=\"og:image\" content=\"https:\/\/www.naturopatialacala.com\/wp-content\/uploads\/2024\/01\/PACK-holistico-emocional-avanzad.webp\" \/>\n\t<meta property=\"og:image:width\" content=\"800\" \/>\n\t<meta property=\"og:image:height\" content=\"600\" \/>\n\t<meta property=\"og:image:type\" content=\"image\/webp\" \/>\n<meta name=\"twitter:card\" content=\"summary_large_image\" \/>\n<script type=\"application\/ld+json\" class=\"yoast-schema-graph\">{\"@context\":\"https:\/\/schema.org\",\"@graph\":[{\"@type\":\"WebPage\",\"@id\":\"https:\/\/www.naturopatialacala.com\/producto\/sesion-con-nicolas-fasoli\/\",\"url\":\"https:\/\/www.naturopatialacala.com\/producto\/sesion-con-nicolas-fasoli\/\",\"name\":\"Sesi\u00f3n con Nicolas Fasoli - Naturopat\u00eda y Osteopat\u00eda La Cala \u2013 Nicol\u00e1s Fasoli\",\"isPartOf\":{\"@id\":\"https:\/\/www.naturopatialacala.com\/en\/#website\"},\"primaryImageOfPage\":{\"@id\":\"https:\/\/www.naturopatialacala.com\/producto\/sesion-con-nicolas-fasoli\/#primaryimage\"},\"image\":{\"@id\":\"https:\/\/www.naturopatialacala.com\/producto\/sesion-con-nicolas-fasoli\/#primaryimage\"},\"thumbnailUrl\":\"https:\/\/www.naturopatialacala.com\/wp-content\/uploads\/2024\/01\/PACK-holistico-emocional-avanzad.webp\",\"datePublished\":\"2024-08-06T16:28:53+00:00\",\"dateModified\":\"2026-02-03T23:17:00+00:00\",\"breadcrumb\":{\"@id\":\"https:\/\/www.naturopatialacala.com\/producto\/sesion-con-nicolas-fasoli\/#breadcrumb\"},\"inLanguage\":\"it-IT\",\"potentialAction\":[{\"@type\":\"ReadAction\",\"target\":[\"https:\/\/www.naturopatialacala.com\/producto\/sesion-con-nicolas-fasoli\/\"]}]},{\"@type\":\"ImageObject\",\"inLanguage\":\"it-IT\",\"@id\":\"https:\/\/www.naturopatialacala.com\/producto\/sesion-con-nicolas-fasoli\/#primaryimage\",\"url\":\"https:\/\/www.naturopatialacala.com\/wp-content\/uploads\/2024\/01\/PACK-holistico-emocional-avanzad.webp\",\"contentUrl\":\"https:\/\/www.naturopatialacala.com\/wp-content\/uploads\/2024\/01\/PACK-holistico-emocional-avanzad.webp\",\"width\":800,\"height\":600},{\"@type\":\"BreadcrumbList\",\"@id\":\"https:\/\/www.naturopatialacala.com\/producto\/sesion-con-nicolas-fasoli\/#breadcrumb\",\"itemListElement\":[{\"@type\":\"ListItem\",\"position\":1,\"name\":\"Portada\",\"item\":\"https:\/\/www.naturopatialacala.com\/\"},{\"@type\":\"ListItem\",\"position\":2,\"name\":\"Tienda\",\"item\":\"https:\/\/www.naturopatialacala.com\/it\/tienda\/\"},{\"@type\":\"ListItem\",\"position\":3,\"name\":\"Sesi\u00f3n con Nicolas Fasoli\"}]},{\"@type\":\"WebSite\",\"@id\":\"https:\/\/www.naturopatialacala.com\/en\/#website\",\"url\":\"https:\/\/www.naturopatialacala.com\/en\/\",\"name\":\"Naturopat\u00eda y Osteopat\u00eda La Cala \u2013 Nicol\u00e1s Fasoli\",\"description\":\"Descubre un mundo de bienestar y salud integral en Naturopat\u00eda La Cala\",\"potentialAction\":[{\"@type\":\"SearchAction\",\"target\":{\"@type\":\"EntryPoint\",\"urlTemplate\":\"https:\/\/www.naturopatialacala.com\/en\/?s={search_term_string}\"},\"query-input\":{\"@type\":\"PropertyValueSpecification\",\"valueRequired\":true,\"valueName\":\"search_term_string\"}}],\"inLanguage\":\"it-IT\"}]}<\/script>\n<!-- \/ Yoast SEO plugin. -->","yoast_head_json":{"title":"Sesi\u00f3n con Nicolas Fasoli - Naturopat\u00eda y Osteopat\u00eda La Cala \u2013 Nicol\u00e1s Fasoli","robots":{"index":"index","follow":"follow","max-snippet":"max-snippet:-1","max-image-preview":"max-image-preview:large","max-video-preview":"max-video-preview:-1"},"canonical":"https:\/\/www.naturopatialacala.com\/it\/prodotto\/sesion-con-nicolas-fasoli\/","og_locale":"it_IT","og_type":"article","og_title":"Sesi\u00f3n con Nicolas Fasoli - Naturopat\u00eda y Osteopat\u00eda La Cala \u2013 Nicol\u00e1s Fasoli","og_description":"Licenciado Universitario en Osteopat\u00eda y Oste\u00f3pata D.O., Experto Universitario en Homeopat\u00eda y Especialista Universitario en Terapia Gestalt. Ofrece una sesi\u00f3n innovadora que combina su vasta formaci\u00f3n acad\u00e9mica y m\u00e1s de 20 a\u00f1os de experiencia. Utiliza tecnolog\u00eda de vanguardia y T\u00e9cnicas Manuales Avanzadas de Osteopat\u00eda neonatal, infantil y del adulto: estructural, visceral, craneosacral, fascial, funcional, neuro-osteopat\u00eda, [&hellip;]","og_url":"https:\/\/www.naturopatialacala.com\/it\/prodotto\/sesion-con-nicolas-fasoli\/","og_site_name":"Naturopat\u00eda y Osteopat\u00eda La Cala \u2013 Nicol\u00e1s Fasoli","article_modified_time":"2026-02-03T23:17:00+00:00","og_image":[{"width":800,"height":600,"url":"https:\/\/www.naturopatialacala.com\/wp-content\/uploads\/2024\/01\/PACK-holistico-emocional-avanzad.webp","type":"image\/webp"}],"twitter_card":"summary_large_image","schema":{"@context":"https:\/\/schema.org","@graph":[{"@type":"WebPage","@id":"https:\/\/www.naturopatialacala.com\/producto\/sesion-con-nicolas-fasoli\/","url":"https:\/\/www.naturopatialacala.com\/producto\/sesion-con-nicolas-fasoli\/","name":"Sesi\u00f3n con Nicolas Fasoli - Naturopat\u00eda y Osteopat\u00eda La Cala \u2013 Nicol\u00e1s Fasoli","isPartOf":{"@id":"https:\/\/www.naturopatialacala.com\/en\/#website"},"primaryImageOfPage":{"@id":"https:\/\/www.naturopatialacala.com\/producto\/sesion-con-nicolas-fasoli\/#primaryimage"},"image":{"@id":"https:\/\/www.naturopatialacala.com\/producto\/sesion-con-nicolas-fasoli\/#primaryimage"},"thumbnailUrl":"https:\/\/www.naturopatialacala.com\/wp-content\/uploads\/2024\/01\/PACK-holistico-emocional-avanzad.webp","datePublished":"2024-08-06T16:28:53+00:00","dateModified":"2026-02-03T23:17:00+00:00","breadcrumb":{"@id":"https:\/\/www.naturopatialacala.com\/producto\/sesion-con-nicolas-fasoli\/#breadcrumb"},"inLanguage":"it-IT","potentialAction":[{"@type":"ReadAction","target":["https:\/\/www.naturopatialacala.com\/producto\/sesion-con-nicolas-fasoli\/"]}]},{"@type":"ImageObject","inLanguage":"it-IT","@id":"https:\/\/www.naturopatialacala.com\/producto\/sesion-con-nicolas-fasoli\/#primaryimage","url":"https:\/\/www.naturopatialacala.com\/wp-content\/uploads\/2024\/01\/PACK-holistico-emocional-avanzad.webp","contentUrl":"https:\/\/www.naturopatialacala.com\/wp-content\/uploads\/2024\/01\/PACK-holistico-emocional-avanzad.webp","width":800,"height":600},{"@type":"BreadcrumbList","@id":"https:\/\/www.naturopatialacala.com\/producto\/sesion-con-nicolas-fasoli\/#breadcrumb","itemListElement":[{"@type":"ListItem","position":1,"name":"Portada","item":"https:\/\/www.naturopatialacala.com\/"},{"@type":"ListItem","position":2,"name":"Tienda","item":"https:\/\/www.naturopatialacala.com\/it\/tienda\/"},{"@type":"ListItem","position":3,"name":"Sesi\u00f3n con Nicolas Fasoli"}]},{"@type":"WebSite","@id":"https:\/\/www.naturopatialacala.com\/en\/#website","url":"https:\/\/www.naturopatialacala.com\/en\/","name":"Naturopat\u00eda y Osteopat\u00eda La Cala \u2013 Nicol\u00e1s Fasoli","description":"Descubre un mundo de bienestar y salud integral en Naturopat\u00eda La Cala","potentialAction":[{"@type":"SearchAction","target":{"@type":"EntryPoint","urlTemplate":"https:\/\/www.naturopatialacala.com\/en\/?s={search_term_string}"},"query-input":{"@type":"PropertyValueSpecification","valueRequired":true,"valueName":"search_term_string"}}],"inLanguage":"it-IT"}]}},"_links":{"self":[{"href":"https:\/\/www.naturopatialacala.com\/it\/wp-json\/wp\/v2\/product\/273081","targetHints":{"allow":["GET"]}}],"collection":[{"href":"https:\/\/www.naturopatialacala.com\/it\/wp-json\/wp\/v2\/product"}],"about":[{"href":"https:\/\/www.naturopatialacala.com\/it\/wp-json\/wp\/v2\/types\/product"}],"replies":[{"embeddable":true,"href":"https:\/\/www.naturopatialacala.com\/it\/wp-json\/wp\/v2\/comments?post=273081"}],"wp:featuredmedia":[{"embeddable":true,"href":"https:\/\/www.naturopatialacala.com\/it\/wp-json\/wp\/v2\/media\/272993"}],"wp:attachment":[{"href":"https:\/\/www.naturopatialacala.com\/it\/wp-json\/wp\/v2\/media?parent=273081"}],"wp:term":[{"taxonomy":"product_brand","embeddable":true,"href":"https:\/\/www.naturopatialacala.com\/it\/wp-json\/wp\/v2\/product_brand?post=273081"},{"taxonomy":"product_cat","embeddable":true,"href":"https:\/\/www.naturopatialacala.com\/it\/wp-json\/wp\/v2\/product_cat?post=273081"},{"taxonomy":"product_tag","embeddable":true,"href":"https:\/\/www.naturopatialacala.com\/it\/wp-json\/wp\/v2\/product_tag?post=273081"}],"curies":[{"name":"wp","href":"https:\/\/api.w.org\/{rel}","templated":true}]}}