{"id":273089,"date":"2024-08-28T15:48:02","date_gmt":"2024-08-28T14:48:02","guid":{"rendered":"https:\/\/naturopatialacala.com\/?post_type=product&#038;p=273089"},"modified":"2026-04-05T19:03:49","modified_gmt":"2026-04-05T18:03:49","slug":"tarjeta-regalo-primera-sesion","status":"publish","type":"product","link":"https:\/\/www.naturopatialacala.com\/it\/prodotto\/tarjeta-regalo-primera-sesion\/","title":{"rendered":"Tarjeta regalo: Primera sesi\u00f3n"},"content":{"rendered":"<p>Sorprende a alguien especial con una experiencia \u00fanica de bienestar. Esta tarjeta regalo es v\u00e1lida para una <em>primera sesi\u00f3n<\/em> de <em>60 minutos<\/em> por solo <em>80\u20ac<\/em>.<\/p>","protected":false},"excerpt":{"rendered":"<p>Sorprende a alguien especial con una experiencia \u00fanica de bienestar. Esta tarjeta regalo es v\u00e1lida para una <em>primera sesi\u00f3n<\/em> de <em>60 minutos<\/em> por solo <em>80\u20ac<\/em>.<\/p>","protected":false},"featured_media":273090,"comment_status":"open","ping_status":"closed","template":"","meta":{"_et_pb_use_builder":"","_et_pb_old_content":"","_et_gb_content_width":""},"product_brand":[],"product_cat":[24],"product_tag":[],"class_list":{"0":"post-273089","1":"product","2":"type-product","3":"status-publish","4":"has-post-thumbnail","6":"product_cat-sin-categorizar","8":"first","9":"instock","10":"shipping-taxable","11":"purchasable","12":"product-type-simple"},"yoast_head":"<!-- This site is optimized with the Yoast SEO plugin v27.0 - https:\/\/yoast.com\/product\/yoast-seo-wordpress\/ -->\n<title>Tarjeta regalo: Primera sesi\u00f3n - Naturopat\u00eda y Osteopat\u00eda La Cala \u2013 Nicol\u00e1s Fasoli<\/title>\n<meta name=\"robots\" content=\"index, follow, max-snippet:-1, max-image-preview:large, max-video-preview:-1\" \/>\n<link rel=\"canonical\" href=\"https:\/\/www.naturopatialacala.com\/it\/prodotto\/tarjeta-regalo-primera-sesion\/\" \/>\n<meta property=\"og:locale\" content=\"it_IT\" \/>\n<meta property=\"og:type\" content=\"article\" \/>\n<meta property=\"og:title\" content=\"Tarjeta regalo: Primera sesi\u00f3n - Naturopat\u00eda y Osteopat\u00eda La Cala \u2013 Nicol\u00e1s Fasoli\" \/>\n<meta property=\"og:description\" content=\"Sorprende a alguien especial con una experiencia \u00fanica de bienestar. Esta tarjeta regalo es v\u00e1lida para una primera sesi\u00f3n de 60 minutos por solo 80\u20ac.\" \/>\n<meta property=\"og:url\" content=\"https:\/\/www.naturopatialacala.com\/it\/prodotto\/tarjeta-regalo-primera-sesion\/\" \/>\n<meta property=\"og:site_name\" content=\"Naturopat\u00eda y Osteopat\u00eda La Cala \u2013 Nicol\u00e1s Fasoli\" \/>\n<meta property=\"article:modified_time\" content=\"2026-04-05T18:03:49+00:00\" \/>\n<meta property=\"og:image\" content=\"https:\/\/www.naturopatialacala.com\/wp-content\/uploads\/2024\/08\/primerasesion-1.webp\" \/>\n\t<meta property=\"og:image:width\" content=\"1200\" \/>\n\t<meta property=\"og:image:height\" content=\"900\" \/>\n\t<meta property=\"og:image:type\" content=\"image\/webp\" \/>\n<meta name=\"twitter:card\" content=\"summary_large_image\" \/>\n<script type=\"application\/ld+json\" class=\"yoast-schema-graph\">{\"@context\":\"https:\/\/schema.org\",\"@graph\":[{\"@type\":\"WebPage\",\"@id\":\"https:\/\/www.naturopatialacala.com\/producto\/tarjeta-regalo-primera-sesion\/\",\"url\":\"https:\/\/www.naturopatialacala.com\/producto\/tarjeta-regalo-primera-sesion\/\",\"name\":\"Tarjeta regalo: Primera sesi\u00f3n - Naturopat\u00eda y Osteopat\u00eda La Cala \u2013 Nicol\u00e1s Fasoli\",\"isPartOf\":{\"@id\":\"https:\/\/www.naturopatialacala.com\/en\/#website\"},\"primaryImageOfPage\":{\"@id\":\"https:\/\/www.naturopatialacala.com\/producto\/tarjeta-regalo-primera-sesion\/#primaryimage\"},\"image\":{\"@id\":\"https:\/\/www.naturopatialacala.com\/producto\/tarjeta-regalo-primera-sesion\/#primaryimage\"},\"thumbnailUrl\":\"https:\/\/www.naturopatialacala.com\/wp-content\/uploads\/2024\/08\/primerasesion-1.webp\",\"datePublished\":\"2024-08-28T14:48:02+00:00\",\"dateModified\":\"2026-04-05T18:03:49+00:00\",\"breadcrumb\":{\"@id\":\"https:\/\/www.naturopatialacala.com\/producto\/tarjeta-regalo-primera-sesion\/#breadcrumb\"},\"inLanguage\":\"it-IT\",\"potentialAction\":[{\"@type\":\"ReadAction\",\"target\":[\"https:\/\/www.naturopatialacala.com\/producto\/tarjeta-regalo-primera-sesion\/\"]}]},{\"@type\":\"ImageObject\",\"inLanguage\":\"it-IT\",\"@id\":\"https:\/\/www.naturopatialacala.com\/producto\/tarjeta-regalo-primera-sesion\/#primaryimage\",\"url\":\"https:\/\/www.naturopatialacala.com\/wp-content\/uploads\/2024\/08\/primerasesion-1.webp\",\"contentUrl\":\"https:\/\/www.naturopatialacala.com\/wp-content\/uploads\/2024\/08\/primerasesion-1.webp\",\"width\":1200,\"height\":900},{\"@type\":\"BreadcrumbList\",\"@id\":\"https:\/\/www.naturopatialacala.com\/producto\/tarjeta-regalo-primera-sesion\/#breadcrumb\",\"itemListElement\":[{\"@type\":\"ListItem\",\"position\":1,\"name\":\"Portada\",\"item\":\"https:\/\/www.naturopatialacala.com\/\"},{\"@type\":\"ListItem\",\"position\":2,\"name\":\"Tienda\",\"item\":\"https:\/\/www.naturopatialacala.com\/it\/tienda\/\"},{\"@type\":\"ListItem\",\"position\":3,\"name\":\"Tarjeta regalo: Primera sesi\u00f3n\"}]},{\"@type\":\"WebSite\",\"@id\":\"https:\/\/www.naturopatialacala.com\/en\/#website\",\"url\":\"https:\/\/www.naturopatialacala.com\/en\/\",\"name\":\"Naturopat\u00eda y Osteopat\u00eda La Cala \u2013 Nicol\u00e1s Fasoli\",\"description\":\"Descubre un mundo de bienestar y salud integral en Naturopat\u00eda La Cala\",\"potentialAction\":[{\"@type\":\"SearchAction\",\"target\":{\"@type\":\"EntryPoint\",\"urlTemplate\":\"https:\/\/www.naturopatialacala.com\/en\/?s={search_term_string}\"},\"query-input\":{\"@type\":\"PropertyValueSpecification\",\"valueRequired\":true,\"valueName\":\"search_term_string\"}}],\"inLanguage\":\"it-IT\"}]}<\/script>\n<!-- \/ Yoast SEO plugin. -->","yoast_head_json":{"title":"Tarjeta regalo: Primera sesi\u00f3n - Naturopat\u00eda y Osteopat\u00eda La Cala \u2013 Nicol\u00e1s Fasoli","robots":{"index":"index","follow":"follow","max-snippet":"max-snippet:-1","max-image-preview":"max-image-preview:large","max-video-preview":"max-video-preview:-1"},"canonical":"https:\/\/www.naturopatialacala.com\/it\/prodotto\/tarjeta-regalo-primera-sesion\/","og_locale":"it_IT","og_type":"article","og_title":"Tarjeta regalo: Primera sesi\u00f3n - Naturopat\u00eda y Osteopat\u00eda La Cala \u2013 Nicol\u00e1s Fasoli","og_description":"Sorprende a alguien especial con una experiencia \u00fanica de bienestar. Esta tarjeta regalo es v\u00e1lida para una primera sesi\u00f3n de 60 minutos por solo 80\u20ac.","og_url":"https:\/\/www.naturopatialacala.com\/it\/prodotto\/tarjeta-regalo-primera-sesion\/","og_site_name":"Naturopat\u00eda y Osteopat\u00eda La Cala \u2013 Nicol\u00e1s Fasoli","article_modified_time":"2026-04-05T18:03:49+00:00","og_image":[{"width":1200,"height":900,"url":"https:\/\/www.naturopatialacala.com\/wp-content\/uploads\/2024\/08\/primerasesion-1.webp","type":"image\/webp"}],"twitter_card":"summary_large_image","schema":{"@context":"https:\/\/schema.org","@graph":[{"@type":"WebPage","@id":"https:\/\/www.naturopatialacala.com\/producto\/tarjeta-regalo-primera-sesion\/","url":"https:\/\/www.naturopatialacala.com\/producto\/tarjeta-regalo-primera-sesion\/","name":"Tarjeta regalo: Primera sesi\u00f3n - Naturopat\u00eda y Osteopat\u00eda La Cala \u2013 Nicol\u00e1s Fasoli","isPartOf":{"@id":"https:\/\/www.naturopatialacala.com\/en\/#website"},"primaryImageOfPage":{"@id":"https:\/\/www.naturopatialacala.com\/producto\/tarjeta-regalo-primera-sesion\/#primaryimage"},"image":{"@id":"https:\/\/www.naturopatialacala.com\/producto\/tarjeta-regalo-primera-sesion\/#primaryimage"},"thumbnailUrl":"https:\/\/www.naturopatialacala.com\/wp-content\/uploads\/2024\/08\/primerasesion-1.webp","datePublished":"2024-08-28T14:48:02+00:00","dateModified":"2026-04-05T18:03:49+00:00","breadcrumb":{"@id":"https:\/\/www.naturopatialacala.com\/producto\/tarjeta-regalo-primera-sesion\/#breadcrumb"},"inLanguage":"it-IT","potentialAction":[{"@type":"ReadAction","target":["https:\/\/www.naturopatialacala.com\/producto\/tarjeta-regalo-primera-sesion\/"]}]},{"@type":"ImageObject","inLanguage":"it-IT","@id":"https:\/\/www.naturopatialacala.com\/producto\/tarjeta-regalo-primera-sesion\/#primaryimage","url":"https:\/\/www.naturopatialacala.com\/wp-content\/uploads\/2024\/08\/primerasesion-1.webp","contentUrl":"https:\/\/www.naturopatialacala.com\/wp-content\/uploads\/2024\/08\/primerasesion-1.webp","width":1200,"height":900},{"@type":"BreadcrumbList","@id":"https:\/\/www.naturopatialacala.com\/producto\/tarjeta-regalo-primera-sesion\/#breadcrumb","itemListElement":[{"@type":"ListItem","position":1,"name":"Portada","item":"https:\/\/www.naturopatialacala.com\/"},{"@type":"ListItem","position":2,"name":"Tienda","item":"https:\/\/www.naturopatialacala.com\/it\/tienda\/"},{"@type":"ListItem","position":3,"name":"Tarjeta regalo: Primera sesi\u00f3n"}]},{"@type":"WebSite","@id":"https:\/\/www.naturopatialacala.com\/en\/#website","url":"https:\/\/www.naturopatialacala.com\/en\/","name":"Naturopat\u00eda y Osteopat\u00eda La Cala \u2013 Nicol\u00e1s Fasoli","description":"Descubre un mundo de bienestar y salud integral en Naturopat\u00eda La Cala","potentialAction":[{"@type":"SearchAction","target":{"@type":"EntryPoint","urlTemplate":"https:\/\/www.naturopatialacala.com\/en\/?s={search_term_string}"},"query-input":{"@type":"PropertyValueSpecification","valueRequired":true,"valueName":"search_term_string"}}],"inLanguage":"it-IT"}]}},"_links":{"self":[{"href":"https:\/\/www.naturopatialacala.com\/it\/wp-json\/wp\/v2\/product\/273089","targetHints":{"allow":["GET"]}}],"collection":[{"href":"https:\/\/www.naturopatialacala.com\/it\/wp-json\/wp\/v2\/product"}],"about":[{"href":"https:\/\/www.naturopatialacala.com\/it\/wp-json\/wp\/v2\/types\/product"}],"replies":[{"embeddable":true,"href":"https:\/\/www.naturopatialacala.com\/it\/wp-json\/wp\/v2\/comments?post=273089"}],"wp:featuredmedia":[{"embeddable":true,"href":"https:\/\/www.naturopatialacala.com\/it\/wp-json\/wp\/v2\/media\/273090"}],"wp:attachment":[{"href":"https:\/\/www.naturopatialacala.com\/it\/wp-json\/wp\/v2\/media?parent=273089"}],"wp:term":[{"taxonomy":"product_brand","embeddable":true,"href":"https:\/\/www.naturopatialacala.com\/it\/wp-json\/wp\/v2\/product_brand?post=273089"},{"taxonomy":"product_cat","embeddable":true,"href":"https:\/\/www.naturopatialacala.com\/it\/wp-json\/wp\/v2\/product_cat?post=273089"},{"taxonomy":"product_tag","embeddable":true,"href":"https:\/\/www.naturopatialacala.com\/it\/wp-json\/wp\/v2\/product_tag?post=273089"}],"curies":[{"name":"wp","href":"https:\/\/api.w.org\/{rel}","templated":true}]}}